{"id":3012,"date":"2022-08-29T17:47:11","date_gmt":"2022-08-29T17:47:11","guid":{"rendered":"https:\/\/dazzling-engelbart.82-223-22-176.plesk.page\/reservations\/"},"modified":"2022-09-13T12:44:40","modified_gmt":"2022-09-13T12:44:40","slug":"reservations","status":"publish","type":"page","link":"https:\/\/www.hotellosarcosainsa.com\/fr\/reservations\/","title":{"rendered":"R\u00e9servations"},"content":{"rendered":"\t\t<div data-elementor-type=\"wp-page\" data-elementor-id=\"3012\" class=\"elementor elementor-3012 elementor-2306\">\n\t\t\t\t\t\t<section class=\"elementor-section elementor-top-section elementor-element elementor-element-9b78125 elementor-section-boxed elementor-section-height-default elementor-section-height-default\" data-id=\"9b78125\" data-element_type=\"section\">\n\t\t\t\t\t\t<div class=\"elementor-container elementor-column-gap-default\">\n\t\t\t\t\t<div class=\"elementor-column elementor-col-100 elementor-top-column elementor-element elementor-element-962094c\" data-id=\"962094c\" data-element_type=\"column\">\n\t\t\t<div class=\"elementor-widget-wrap elementor-element-populated\">\n\t\t\t\t\t\t<div class=\"elementor-element elementor-element-e0d0912 elementor-view-default elementor-widget elementor-widget-icon\" data-id=\"e0d0912\" data-element_type=\"widget\" data-widget_type=\"icon.default\">\n\t\t\t\t<div class=\"elementor-widget-container\">\n\t\t\t\t\t<div class=\"elementor-icon-wrapper\">\n\t\t\t<div class=\"elementor-icon\">\n\t\t\t<i aria-hidden=\"true\" class=\"fas fa-hotel\"><\/i>\t\t\t<\/div>\n\t\t<\/div>\n\t\t\t\t<\/div>\n\t\t\t\t<\/div>\n\t\t\t\t<div class=\"elementor-element elementor-element-2e2d21e elementor-widget elementor-widget-heading\" data-id=\"2e2d21e\" data-element_type=\"widget\" data-widget_type=\"heading.default\">\n\t\t\t\t<div class=\"elementor-widget-container\">\n\t\t\t<h1 class=\"elementor-heading-title elementor-size-default\">R\u00e9servations<\/h1>\t\t<\/div>\n\t\t\t\t<\/div>\n\t\t\t\t<div class=\"elementor-element elementor-element-b4d4fc4 elementor-widget-divider--separator-type-pattern elementor-widget-divider--view-line elementor-widget elementor-widget-divider\" data-id=\"b4d4fc4\" data-element_type=\"widget\" data-widget_type=\"divider.default\">\n\t\t\t\t<div class=\"elementor-widget-container\">\n\t\t\t\t\t<div class=\"elementor-divider\" style=\"--divider-pattern-url: url(&quot;data:image\/svg+xml,%3Csvg xmlns=&#039;http:\/\/www.w3.org\/2000\/svg&#039; preserveAspectRatio=&#039;none&#039; overflow=&#039;visible&#039; height=&#039;100%&#039; viewBox=&#039;0 0 24 24&#039; fill=&#039;none&#039; stroke=&#039;black&#039; stroke-width=&#039;1&#039; stroke-linecap=&#039;square&#039; stroke-miterlimit=&#039;10&#039;%3E%3Cpolyline points=&#039;0,18 12,6 24,18 &#039;\/%3E%3C\/svg%3E&quot;);\">\n\t\t\t<span class=\"elementor-divider-separator\">\n\t\t\t\t\t\t<\/span>\n\t\t<\/div>\n\t\t\t\t<\/div>\n\t\t\t\t<\/div>\n\t\t\t\t<div class=\"elementor-element elementor-element-8ac8f82 elementor-widget elementor-widget-heading\" data-id=\"8ac8f82\" data-element_type=\"widget\" data-widget_type=\"heading.default\">\n\t\t\t\t<div class=\"elementor-widget-container\">\n\t\t\t<p class=\"elementor-heading-title elementor-size-default\">R\u00e9servez d\u00e8s maintenant votre s\u00e9jour \u00e0 l'H\u00f4tel Arcos de A\u00ednsa<\/p>\t\t<\/div>\n\t\t\t\t<\/div>\n\t\t\t\t\t<\/div>\n\t\t<\/div>\n\t\t\t\t\t<\/div>\n\t\t<\/section>\n\t\t\t\t<section class=\"elementor-section elementor-top-section elementor-element elementor-element-1a77cd4 elementor-section-boxed elementor-section-height-default elementor-section-height-default\" data-id=\"1a77cd4\" data-element_type=\"section\">\n\t\t\t\t\t\t<div class=\"elementor-container elementor-column-gap-default\">\n\t\t\t\t\t<div class=\"elementor-column elementor-col-100 elementor-top-column elementor-element elementor-element-ac489ad\" data-id=\"ac489ad\" data-element_type=\"column\">\n\t\t\t<div class=\"elementor-widget-wrap elementor-element-populated\">\n\t\t\t\t\t\t<div class=\"elementor-element elementor-element-1cc0bb8 elementor-widget elementor-widget-html\" data-id=\"1cc0bb8\" data-element_type=\"widget\" data-widget_type=\"html.default\">\n\t\t\t\t<div class=\"elementor-widget-container\">\n\t\t\t<form id=\"AVP\" method=\"post\" action=\"https:\/\/www.secure-hotel-booking.com\/Los-Arcos\/2PNV\/search?hotelId=15350\" target=\"_blank\">\n<input type=\"hidden\" id=\"language\" name=\"language\" value=\"es\">\n<input type=\"hidden\" id=\"AVP_arrivalDate\" name=\"arrivalDate\" value=\"\">\n<input type=\"hidden\" id=\"AVP_nights\" name=\"nights\" value=\"\">\n<input type=\"hidden\" id=\"_ga\" name=\"_ga\" value=\"\">\n<input type=\"hidden\" id=\"guestCountSelector\" name=\"guestCountSelector\" value=\"ReadOnly\">\n<input type=\"hidden\" id=\"crossSell\" name=\"crossSell\" value=\"false\">\n<table>\n<tr><td colspan=\"2\">Date d'arriv\u00e9e <select id=\"AVP_list_days\" onchange=\"updateDDay();\"><\/select> <select id=\"AVP_list_months\" onchange=\"setDays();\"><\/select><\/td><\/tr>\n<tr><td colspan=\"2\">Date de d\u00e9part <select id=\"AVP_list_ddays\"><\/select> <select id=\"AVP_list_dmonths\" onchange=\"setDDays();\"><\/select><\/td><\/tr>\n<tr><td colspan=\"2\">Adultes <select id=\"selectedAdultCount\" name=\"selectedAdultCount\"><\/select>\n Enfants <select id=\"selectedChildCount\" name=\"selectedChildCount\"><\/select>\n B\u00e9b\u00e9s <select id=\"selectedInfantCount\" name=\"selectedInfantCount\"><\/select><\/td><\/tr>\n<\/td><\/tr>\n<tr><td colspan=\"2\">Code d'offre sp\u00e9ciale\/code tarifaire (facultatif) <input type=\"text\" id=\"rate\" name=\"rate\" value=\"\"><\/td><\/tr>\n<tr><td align=\"center\"><input type=\"button\" value=\"R\u00e9server\" onclick=\"validate();\"><\/td>\n<td align=\"center\">\n<a href=\"https:\/\/www.secure-hotel-booking.com\/modification\/Los-Arcos\/2PNV\" target=\"_blank\">Annuler<\/a>\n<\/td><\/tr><\/table>\n<\/form> \n <script type=\"text\/javascript\">\nvar months = new Array(\"Enero\",\"Febrero\",\"Marzo\",\"Abril\",\"Mayo\",\"Junio\",\"Julio\",\"Agosto\",\"Septiembre\",\"Octubre\",\"Noviembre\",\"Diciembre\");\nvar message= \"Fecha fuera de la planificaci\u00f3n\";\n<\/script>\n<script type=\"text\/javascript\" src=\"https:\/\/www.secure-hotel-booking.com\/Los-Arcos\/2PNV\/scripts\/base.js\"><\/script>\t\t<\/div>\n\t\t\t\t<\/div>\n\t\t\t\t\t<\/div>\n\t\t<\/div>\n\t\t\t\t\t<\/div>\n\t\t<\/section>\n\t\t\t\t<\/div>\n\t\t","protected":false},"excerpt":{"rendered":"<p>R\u00e9servations R\u00e9servez d\u00e8s maintenant votre s\u00e9jour \u00e0 l&rsquo;H\u00f4tel Arcos de A\u00ednsa Date d&rsquo;arriv\u00e9e Date de d\u00e9part Adultes Enfants B\u00e9b\u00e9s Code d&rsquo;offre sp\u00e9ciale\/code tarifaire (facultatif) Annuler<\/p>\n","protected":false},"author":1,"featured_media":0,"parent":0,"menu_order":0,"comment_status":"closed","ping_status":"closed","template":"elementor_header_footer","meta":{"footnotes":""},"class_list":["post-3012","page","type-page","status-publish","hentry"],"_links":{"self":[{"href":"https:\/\/www.hotellosarcosainsa.com\/fr\/wp-json\/wp\/v2\/pages\/3012","targetHints":{"allow":["GET"]}}],"collection":[{"href":"https:\/\/www.hotellosarcosainsa.com\/fr\/wp-json\/wp\/v2\/pages"}],"about":[{"href":"https:\/\/www.hotellosarcosainsa.com\/fr\/wp-json\/wp\/v2\/types\/page"}],"author":[{"embeddable":true,"href":"https:\/\/www.hotellosarcosainsa.com\/fr\/wp-json\/wp\/v2\/users\/1"}],"replies":[{"embeddable":true,"href":"https:\/\/www.hotellosarcosainsa.com\/fr\/wp-json\/wp\/v2\/comments?post=3012"}],"version-history":[{"count":3,"href":"https:\/\/www.hotellosarcosainsa.com\/fr\/wp-json\/wp\/v2\/pages\/3012\/revisions"}],"predecessor-version":[{"id":3015,"href":"https:\/\/www.hotellosarcosainsa.com\/fr\/wp-json\/wp\/v2\/pages\/3012\/revisions\/3015"}],"wp:attachment":[{"href":"https:\/\/www.hotellosarcosainsa.com\/fr\/wp-json\/wp\/v2\/media?parent=3012"}],"curies":[{"name":"wp","href":"https:\/\/api.w.org\/{rel}","templated":true}]}}