{"id":3,"date":"2021-06-21T19:28:42","date_gmt":"2021-06-21T19:28:42","guid":{"rendered":"https:\/\/dazzling-engelbart.82-223-22-176.plesk.page\/?page_id=3"},"modified":"2022-06-08T14:37:21","modified_gmt":"2022-06-08T14:37:21","slug":"politica-privacidad","status":"publish","type":"page","link":"https:\/\/www.hotellosarcosainsa.com\/fr\/politica-privacidad\/","title":{"rendered":"Pol\u00edtica de privacidad"},"content":{"rendered":"\t\t<div data-elementor-type=\"wp-page\" data-elementor-id=\"3\" class=\"elementor elementor-3\">\n\t\t\t\t\t\t<section class=\"elementor-section elementor-top-section elementor-element elementor-element-6e1070ea elementor-section-boxed elementor-section-height-default elementor-section-height-default\" data-id=\"6e1070ea\" data-element_type=\"section\">\n\t\t\t\t\t\t<div class=\"elementor-container elementor-column-gap-default\">\n\t\t\t\t\t<div class=\"elementor-column elementor-col-100 elementor-top-column elementor-element elementor-element-6396ab5\" data-id=\"6396ab5\" data-element_type=\"column\">\n\t\t\t<div class=\"elementor-widget-wrap elementor-element-populated\">\n\t\t\t\t\t\t<div class=\"elementor-element elementor-element-1474d64b elementor-widget elementor-widget-text-editor\" data-id=\"1474d64b\" data-element_type=\"widget\" data-widget_type=\"text-editor.default\">\n\t\t\t\t<div class=\"elementor-widget-container\">\n\t\t\t\t\t\t\t<h1>Poli\u0301tica de Privacidad<\/h1>\n<h3>Confidencialidad y Protecci\u00f3n de Datos<\/h3>\n<p>Mediante este aviso, M\u00aa Soledad Cheliz Sierco, con NIF n\u00famero 73191839C, -en adelante Hotel Los Arcos- con domicilio en Plaza Mayor 23 de A\u00ednsa (Huesca) y titular de este sitio web, confirma que es responsable de los ficheros con datos de car\u00e1cter personal suministrados por los usuarios o los clientes a trav\u00e9s del portal Web o cualquier otro medio, y asume la responsabilidad de uso.<\/p>\n<p>Hotel los Arcos informa y comunica a los usuarios del portal su Pol\u00edtica de Privacidad en materia de Protecci\u00f3n de Datos de Car\u00e1cter Personal conforme a la legislaci\u00f3n vigente en la materia y contenida en la Ley Org\u00e1nica 15\/1999 de 13 de diciembre, de Protecci\u00f3n de Datos de Car\u00e1cter Personal desarrollada por el RD 1720\/2007 de 21 de diciembre, y en la Ley 34\/2002 de Servicios de la Sociedad de la Informaci\u00f3n, para que los usuarios determinen libre y voluntariamente si desean facilitar a Hotel Los Arcos sus datos de car\u00e1cter personal para los que se les pueda requerir como consecuencia de la visualizaci\u00f3n del contenido del portal, proceder a una reserva o la solicitud o env\u00edo de informaci\u00f3n.<\/p>\n<p>Hotel Los Arcos informa, que la entrega de los todos los datos requeridos para el registro como usuario o para realizar una consulta es obligatoria en aquellos casos en d\u00f3nde expresamente se especifique. El no facilitar los datos personales solicitados o el no aceptar la presente pol\u00edtica de protecci\u00f3n de datos supondr\u00e1 la imposibilidad de obtener o participar de cualquiera de los servicios o informaci\u00f3n en las que se soliciten datos car\u00e1cter personal.<\/p>\n<p>En los formularios donde se recaben datos de car\u00e1cter personal, se se\u00f1alar\u00e1n los distintos campos cuya cumplimentaci\u00f3n es necesaria y obligatoria para confirmar la suscripci\u00f3n, as\u00ed como aquello campos cuya cumplimentaci\u00f3n es voluntaria en funci\u00f3n de la informaci\u00f3n que disponga el interesado. Para el cumplimiento de los citados formularios, es fundamental y obligatorio haber le\u00eddo y aceptado esta Pol\u00edtica de Privacidad y de la autorizaci\u00f3n a Hotel Los Arcos al tratamiento de sus datos de car\u00e1cter personal y a la comunicaci\u00f3n de los mismos para dar cumplimiento a los servicios acordados.<\/p>\n<h3>Usos, finalidades y aceptaci\u00f3n por el usuario<\/h3>\n<p>El usuario y, en especial los clientes autorizan y consienten voluntariamente el tratamiento automatizado de sus datos de car\u00e1cter personal, los cuales son libremente entregados por el usuario a trav\u00e9s de los cuestionario electr\u00f3nico que aparece en la web, correo electr\u00f3nico o tel\u00e9fono. De esta manera, el usuario acepta y consiente de forma expresa, libre y voluntaria que los datos por \u00e9l facilitados o que facilite en el futuro puedan ser objeto de tratamiento en un fichero de datos de car\u00e1cter personal, as\u00ed como consiente y autoriza de forma expresa e inequ\u00edvoca para la comunicaci\u00f3n de los mismos a toda aquella persona interesada en los servicios prestados por la entidad y seg\u00fan los t\u00e9rminos establecidos en las presentes cl\u00e1usulas.<\/p>\n<p>Hotel los Arcos, se compromete a que los ficheros con datos de car\u00e1cter personal y los datos comunicados por su titular sean utilizados para unas finalidades espec\u00edficas y concretas, en especial para:<\/p>\n<ul>\n<li><i class=\"fa fa-check\" aria-hidden=\"true\"><\/i>Gesti\u00f3n de la relaci\u00f3n contractual y extracontractual con Hotel Los Arcos.<\/li>\n<li><i class=\"fa fa-check\" aria-hidden=\"true\"><\/i>Gesti\u00f3n, intermediaci\u00f3n y administraci\u00f3n de los servicios ofrecidos por Hotel Los Arcos.<\/li>\n<li><i class=\"fa fa-check\" aria-hidden=\"true\"><\/i>Comunicaci\u00f3n y ofrecimiento de nuevas ofertas y servicios.<\/li>\n<li><i class=\"fa fa-check\" aria-hidden=\"true\"><\/i>Estudio valorativo y estad\u00edstico de clientes<\/li>\n<li><i class=\"fa fa-check\" aria-hidden=\"true\"><\/i>Env\u00edo de publicidad comercial, newsletters, noticias o informaciones peri\u00f3dicas.<\/li>\n<\/ul>\n<p>Hotel Los Arcos, se compromete a comunicar por escrito y de forma fehaciente al usuario, cualquier ampliaci\u00f3n, modificaci\u00f3n o extensi\u00f3n de las finalidades y usos que se vayan a dar al tratamiento automatizado de los datos entregados por el usuario, y a solicitar, expresamente y por escrito, una nueva autorizaci\u00f3n al usuario, en el caso de ser necesaria su cesi\u00f3n para otras finalidades no contempladas en la presente cl\u00e1usula.<\/p>\n<p>El Usuario declara haber sido informado de las condiciones sobre protecci\u00f3n de datos personales, aceptando y consintiendo el tratamiento automatizado de los mismos por parte de Hotel Los Arcos, en la forma y para las finalidades indicadas en la presente Pol\u00edtica de Protecci\u00f3n de Datos Personales.<\/p>\n<h3>Medidas de seguridad<\/h3>\n<p>Hotel Los Arcos asegura que ha adoptado todas aquellas medidas de seguridad de \u00edndole t\u00e9cnica y organizativa para proteger la confidencialidad e integridad de la informaci\u00f3n, de acuerdo con lo establecido en la Ley Org\u00e1nica 15\/1999 de 13 de Diciembre, de Protecci\u00f3n de Datos de Car\u00e1cter Personal y en el R.D. 1720\/2007, de 21 de diciembre, que lo complementa, y procura instalar aquellos otros medios y medidas t\u00e9cnicas adicionales a su alcance para evitar la p\u00e9rdida, mal uso, alteraci\u00f3n, acceso no autorizado y robo de los datos personales facilitados. Hotel Los Arcos no ser\u00e1 responsable de posibles da\u00f1os o perjuicios que se pudieran derivar de interferencias, omisiones, interrupciones, virus inform\u00e1ticos, aver\u00edas telef\u00f3nicas o desconexiones en el funcionamiento operativo de este sistema electr\u00f3nico, retrasos o bloqueos en el uso del presente sistema electr\u00f3nico causados por deficiencias o sobrecargas de l\u00edneas telef\u00f3nicas o sobrecargas en el Centro de Procesos de Datos, en el sistema de Internet o en otros sistemas electr\u00f3nicos, as\u00ed como de da\u00f1os que puedan ser causados por terceras personas mediante intromisiones ileg\u00edtimas fuera del control o motivadas por causas ajenas.<\/p>\n<h3>Ejercicio de derechos de acceso, rectificaci\u00f3n, cancelaci\u00f3n y oposici\u00f3n<\/h3>\n<p>La aceptaci\u00f3n del titular para que puedan ser tratados o sus datos tiene siempre car\u00e1cter revocable, conforme a lo que dispone la Ley Org\u00e1nica 15\/1999 de 13 de Diciembre. En consecuencia, el usuario titular de los datos podr\u00e1 ejercitar en cualquier instante sus derechos de acceso, rectificaci\u00f3n, cancelaci\u00f3n y oposici\u00f3n en los t\u00e9rminos recogidos en la Ley Org\u00e1nica 15\/1999 de 13 de Diciembre, contactando con nosotros por uno de los medios a efectos de comunicaciones que ponemos a su disposici\u00f3n o cualquier otro medio que pruebe su env\u00edo al responsable. En esta comunicaci\u00f3n, el titular est\u00e1 obligado a indicar y aportar sus datos identificativos, fotocopia del Documento Nacional de Identidad, direcci\u00f3n postal, tel\u00e9fono, persona de contacto, correo electr\u00f3nico y un escrito explicando el derecho a ejercer, as\u00ed como sus causas.<\/p>\n<p>En el mismo instante en que sean ejercidos los derechos, Hotel Los Arcos se compromete a mostrar los datos recabados, las finalidades y usos por los que han sido entregados y tratados en el caso de ejercer el derecho de acceso, a modificarlos y corregirlos cuando se ejerza el derecho de rectificaci\u00f3n, a dejar de tratarlos cuando se haya ejercido el derecho de oposici\u00f3n o a cancelarlos cuando se haya ejercido los derechos de cancelaci\u00f3n. En este \u00faltimo caso, y seg\u00fan las disposiciones legales establecidas en la Ley Org\u00e1nica 15\/1999 de 13 de Diciembre, de Protecci\u00f3n de Datos de car\u00e1cter Personal, en su art\u00edculo 16, Hotel Los Arcos podr\u00e1 conservar, incluso una vez finalizadas las relaciones y, en todo caso, durante los plazos legalmente establecidos, \u00fanica y exclusivamente para ponerlos a disposici\u00f3n de autoridades administrativas o judiciales si fuese necesario y cuando estas expresamente lo soliciten.<\/p>\n<p>Hotel Los Arcos le informa que puede dirigirse para ejercer sus derechos de acceso, rectificaci\u00f3n, cancelaci\u00f3n y oposici\u00f3n a la direcci\u00f3n electr\u00f3nica <strong>info@hotellosarcosainsa.com<\/strong>, indicando como Asunto del mismo \u201cRef. LOPD\u201d, o bien por correo ordinario dirigido a Hotel Los Arcos. Plaza Mayor 23, 22330 A\u00ednsa (Huesca). Para ejercer dichos derechos y en cumplimiento de la normativa en materia de Protecci\u00f3n de Datos, es necesario que usted acredite su personalidad mediante el env\u00edo de fotocopia de Documento Nacional de Identidad o cualquier otro medio v\u00e1lido en Derecho.<\/p>\n<h3>Ley de la sociedad de la informaci\u00f3n<\/h3>\n<p>Sin perjuicio de lo se\u00f1alado en el p\u00e1rrafo anterior, de conformidad con Ley 34\/2002, de 11 de julio, de Servicios de la Sociedad de la Informaci\u00f3n y de Comercio Electr\u00f3nico, para el env\u00edo, v\u00eda correo electr\u00f3nico u otro medio de comunicaci\u00f3n electr\u00f3nico equivalente, de informaci\u00f3n comercial sobre nuevos servicios de Hotel Los Arcos, se solicita la autorizaci\u00f3n expresa del Usuario.<\/p>\n<p>As\u00ed, si el Usuario no desea que le sea enviada informaci\u00f3n comercial acerca de ofertas o nuevos servicios, deber\u00e1 indicarlo de forma expresa en la presente cl\u00e1usula, contactando con nosotros por uno de los medios a efectos de comunicaciones que ponemos a su disposici\u00f3n o cualquier otro medio que pruebe su env\u00edo al responsable, indicando su voluntad expresa de no recibir informaci\u00f3n comercial, promocional o de publicidad.<\/p>\n<h3>Responsabilidad de Hotel Los Arcos<\/h3>\n<p>Hotel Los Arcos, como responsable del fichero y del portal de Internet, garantiza el pleno cumplimiento de las disposiciones establecidas en la Ley Org\u00e1nica 15\/1999 de 13 de Diciembre de Protecci\u00f3n de Datos de car\u00e1cter Personal y del R.D 1720\/2007 de 21 de diciembre que lo complementa, as\u00ed como garantiza el debido cumplimiento de las disposiciones establecidas en la Ley 34\/2002 de Servicios de la Sociedad de la Informaci\u00f3n, respecto a la informaci\u00f3n del titular y las comunicaciones comerciales no solicitadas o spamming.<\/p>\n<p>Garantiza tambi\u00e9n la confidencialidad de las comunicaciones llevadas a cabo con el usuario, as\u00ed como el tratamiento debido y diligente de los datos de car\u00e1cter personal entregados por el usuario. Se compromete a no revelar ninguna informaci\u00f3n confidencial, as\u00ed como tampoco informar acerca de ning\u00fan dato objeto de tratamiento, salvo en los casos en los que la ley expresamente lo requiera, en los supuestos expuestos o cuando sean requeridos de las autoridades p\u00fablicas competentes de conformidad con las disposiciones legales y reglamentarias aplicables al caso.<\/p>\n<h3>Responsabilidad del Usuario<\/h3>\n<p>El Usuario es el \u00fanico responsable de la veracidad y correcci\u00f3n de los datos incluidos. Los usuarios garantizan y responden, en cualquier caso, de la exactitud, vigencia y autenticidad de los datos personales facilitados, y se comprometen a mantenerlos debidamente actualizados. El usuario acepta proporcionar informaci\u00f3n completa y correcta en los formularios de reserva o de contacto, reserv\u00e1ndose Hotel Los Arcos el derecho a excluir de los servicios a todo usuario que haya facilitado datos falsos, vagos o inexactos, sin perjuicio de las dem\u00e1s acciones que procedan en derecho.<\/p>\n<p>Hotel Los Arcos no responde de la veracidad de las informaciones que no sean de elaboraci\u00f3n propia y de las que indiquen otras fuentes, por lo que tampoco asume responsabilidad alguna en cuanto a hipot\u00e9ticos perjuicios que pudieran originarse por el uso de dicha informaci\u00f3n.<\/p>\n<h3>Cesi\u00f3n de datos a terceros<\/h3>\n<p>Hotel Los Arcos no realiza cesi\u00f3n de datos de los usuarios a terceros.<\/p>\n<h3>Cookies<\/h3>\n<p>Con la finalidad de agilizar el servicio ofrecido, identificando con la m\u00e1xima celeridad a cada usuarioHotel los Arcos utilizar\u00e1 cookies. Las cookies son datos que se almacenan en el disco duro del ordenador y que sirven para agilizar y optimizar el funcionamiento del servidor y del servicio. Todo usuario puede modificar o rechazar una cookie. De todas formas, el usuario tiene la posibilidad de configurar el navegador de tal modo que impida la instalaci\u00f3n de estos archivos. En este \u00faltimo caso, se advierte que la rapidez y calidad del servicio puede disminuir. Las cookies utilizadas son \u201cGEO\u201d, \u201cPHPSESSID\u201d, \u201c_ga\u201d, \u201ccookiebar\u201d.<\/p>\t\t\t\t\t\t<\/div>\n\t\t\t\t<\/div>\n\t\t\t\t\t<\/div>\n\t\t<\/div>\n\t\t\t\t\t<\/div>\n\t\t<\/section>\n\t\t\t\t<\/div>\n\t\t","protected":false},"excerpt":{"rendered":"<p>Poli\u0301tica de Privacidad Confidencialidad y Protecci\u00f3n de Datos Mediante este aviso, M\u00aa Soledad Cheliz Sierco, con NIF n\u00famero 73191839C, -en adelante Hotel Los Arcos- con domicilio en Plaza Mayor 23 de A\u00ednsa (Huesca) y titular de este sitio web, confirma que es responsable de los ficheros con datos de car\u00e1cter personal suministrados por los usuarios [&hellip;]<\/p>\n","protected":false},"author":1,"featured_media":0,"parent":0,"menu_order":0,"comment_status":"closed","ping_status":"open","template":"elementor_header_footer","meta":{"footnotes":""},"class_list":["post-3","page","type-page","status-publish","hentry"],"_links":{"self":[{"href":"https:\/\/www.hotellosarcosainsa.com\/fr\/wp-json\/wp\/v2\/pages\/3","targetHints":{"allow":["GET"]}}],"collection":[{"href":"https:\/\/www.hotellosarcosainsa.com\/fr\/wp-json\/wp\/v2\/pages"}],"about":[{"href":"https:\/\/www.hotellosarcosainsa.com\/fr\/wp-json\/wp\/v2\/types\/page"}],"author":[{"embeddable":true,"href":"https:\/\/www.hotellosarcosainsa.com\/fr\/wp-json\/wp\/v2\/users\/1"}],"replies":[{"embeddable":true,"href":"https:\/\/www.hotellosarcosainsa.com\/fr\/wp-json\/wp\/v2\/comments?post=3"}],"version-history":[{"count":27,"href":"https:\/\/www.hotellosarcosainsa.com\/fr\/wp-json\/wp\/v2\/pages\/3\/revisions"}],"predecessor-version":[{"id":1459,"href":"https:\/\/www.hotellosarcosainsa.com\/fr\/wp-json\/wp\/v2\/pages\/3\/revisions\/1459"}],"wp:attachment":[{"href":"https:\/\/www.hotellosarcosainsa.com\/fr\/wp-json\/wp\/v2\/media?parent=3"}],"curies":[{"name":"wp","href":"https:\/\/api.w.org\/{rel}","templated":true}]}}