{"id":1444,"date":"2022-06-08T14:31:39","date_gmt":"2022-06-08T14:31:39","guid":{"rendered":"https:\/\/dazzling-engelbart.82-223-22-176.plesk.page\/?page_id=1444"},"modified":"2022-08-31T07:53:49","modified_gmt":"2022-08-31T07:53:49","slug":"aviso-legal","status":"publish","type":"page","link":"https:\/\/www.hotellosarcosainsa.com\/en\/aviso-legal\/","title":{"rendered":"Aviso Legal"},"content":{"rendered":"\t\t<div data-elementor-type=\"wp-page\" data-elementor-id=\"1444\" class=\"elementor elementor-1444\">\n\t\t\t\t\t\t<section class=\"elementor-section elementor-top-section elementor-element elementor-element-0264aca elementor-section-boxed elementor-section-height-default elementor-section-height-default\" data-id=\"0264aca\" data-element_type=\"section\">\n\t\t\t\t\t\t<div class=\"elementor-container elementor-column-gap-default\">\n\t\t\t\t\t<div class=\"elementor-column elementor-col-100 elementor-top-column elementor-element elementor-element-a8171b2\" data-id=\"a8171b2\" data-element_type=\"column\">\n\t\t\t<div class=\"elementor-widget-wrap elementor-element-populated\">\n\t\t\t\t\t\t<div class=\"elementor-element elementor-element-282f712 elementor-widget elementor-widget-text-editor\" data-id=\"282f712\" data-element_type=\"widget\" data-widget_type=\"text-editor.default\">\n\t\t\t\t<div class=\"elementor-widget-container\">\n\t\t\t\t\t\t\t<h1 class=\"section-title br-bottom\">Aviso Legal<\/h1>\nEl presente aviso legal -en adelante, el \u201cAviso Legal\u201d- regula el uso del servicio del portal de Internet www.hotellosarcosainsa.com -en adelante, la \u201cWeb\u201d- cuyo titular es M\u00aa Soledad Cheliz Sierco -en adelante Hotel Los Arcos- con NIF n\u00famero 73191839C y domicilio profesional en Plaza Mayor 23 22330 A\u00ednsa (Huesca).\n<h3>Legislaci\u00f3n<\/h3>\nCon car\u00e1cter general las relaciones entre Hotel Los Arcos con los Usuarios de sus servicios ofertados por la web, se encuentran sometidas a la legislaci\u00f3n y jurisdicci\u00f3n espa\u00f1ola. Las partes renuncian expresamente al fuero que les pudiera corresponder y someten expresamente a los Juzgados y Tribunales de Huesca para resolver cualquier controversia que pueda surgir en la interpretaci\u00f3n o ejecuci\u00f3n de las presentes condiciones contractuales.\n<h3>Propiedad intelectual<\/h3>\nTodos los derechos de propiedad industrial e intelectual de este sitio Web, as\u00ed como de los elementos contenidos en el mismo &#8211; de manera enunciativa que no limitativa, logos, contenidos, im\u00e1genes, textos, fotograf\u00edas y dem\u00e1s elementos que puedan aparecer en la Web-, salvo que se indique lo contrario, son de titularidad exclusiva del titular Web o de terceros y est\u00e1n protegidos por las leyes. El titular de este sitio Web, en este sentido, hace expresa reserva de todos los derechos y no concede ninguna licencia o autorizaci\u00f3n de uso p\u00fablico ni comercial al \u201cusuario\u201d sobre los mismos.\n<h3>Contenido y Uso<\/h3>\nHotel Los Arcos se reserva el derecho de efectuar sin previo aviso las modificaciones que considere oportunas en su Web, pudiendo cambiar, suprimir o a\u00f1adir e incluso limitar o no permitir el acceso a dicha informaci\u00f3n tanto los contenidos y servicios que se presten a trav\u00e9s de la misma como la forma en la que \u00e9stos aparezcan presentados o localizados en sus servidores.\n\nSe exonera a Hotel Los Arcos de responsabilidad ante cualquier da\u00f1o o perjuicio que pudiera sufrir el Usuario como consecuencia de errores, defectos u omisiones, en la informaci\u00f3n facilitada desde la Web siempre que proceda de fuentes ajenas.\n<h3>Links<\/h3>\nLa presencia de enlaces (links) en las p\u00e1ginas web de Hotel Los Arcos tienen finalidad meramente informativa y en ning\u00fan caso suponen sugerencia, invitaci\u00f3n o recomendaci\u00f3n sobre los mismos.\t\t\t\t\t\t<\/div>\n\t\t\t\t<\/div>\n\t\t\t\t\t<\/div>\n\t\t<\/div>\n\t\t\t\t\t<\/div>\n\t\t<\/section>\n\t\t\t\t<\/div>\n\t\t","protected":false},"excerpt":{"rendered":"<p>Aviso Legal El presente aviso legal -en adelante, el \u201cAviso Legal\u201d- regula el uso del servicio del portal de Internet www.hotellosarcosainsa.com -en adelante, la \u201cWeb\u201d- cuyo titular es M\u00aa Soledad Cheliz Sierco -en adelante Hotel Los Arcos- con NIF n\u00famero 73191839C y domicilio profesional en Plaza Mayor 23 22330 A\u00ednsa (Huesca). Legislaci\u00f3n Con car\u00e1cter general [&hellip;]<\/p>\n","protected":false},"author":1,"featured_media":0,"parent":0,"menu_order":0,"comment_status":"closed","ping_status":"closed","template":"elementor_header_footer","meta":{"footnotes":""},"class_list":["post-1444","page","type-page","status-publish","hentry"],"_links":{"self":[{"href":"https:\/\/www.hotellosarcosainsa.com\/en\/wp-json\/wp\/v2\/pages\/1444","targetHints":{"allow":["GET"]}}],"collection":[{"href":"https:\/\/www.hotellosarcosainsa.com\/en\/wp-json\/wp\/v2\/pages"}],"about":[{"href":"https:\/\/www.hotellosarcosainsa.com\/en\/wp-json\/wp\/v2\/types\/page"}],"author":[{"embeddable":true,"href":"https:\/\/www.hotellosarcosainsa.com\/en\/wp-json\/wp\/v2\/users\/1"}],"replies":[{"embeddable":true,"href":"https:\/\/www.hotellosarcosainsa.com\/en\/wp-json\/wp\/v2\/comments?post=1444"}],"version-history":[{"count":20,"href":"https:\/\/www.hotellosarcosainsa.com\/en\/wp-json\/wp\/v2\/pages\/1444\/revisions"}],"predecessor-version":[{"id":2461,"href":"https:\/\/www.hotellosarcosainsa.com\/en\/wp-json\/wp\/v2\/pages\/1444\/revisions\/2461"}],"wp:attachment":[{"href":"https:\/\/www.hotellosarcosainsa.com\/en\/wp-json\/wp\/v2\/media?parent=1444"}],"curies":[{"name":"wp","href":"https:\/\/api.w.org\/{rel}","templated":true}]}}